{"id":10,"date":"2017-02-04T20:27:32","date_gmt":"2017-02-04T19:27:32","guid":{"rendered":"http:\/\/panschk.de\/madagassisch.de\/?page_id=10"},"modified":"2017-02-10T14:57:14","modified_gmt":"2017-02-10T13:57:14","slug":"wer-sind-wir","status":"publish","type":"page","link":"http:\/\/www.panschk.de\/madagassisch.de\/wer-sind-wir\/","title":{"rendered":"Wer sind wir?"},"content":{"rendered":"<h1>Paul<\/h1>\n<h1><img decoding=\"async\" loading=\"lazy\" class=\"size-medium wp-image-11 alignright\" src=\"http:\/\/panschk.de\/madagassisch.de\/wp-content\/uploads\/2017\/02\/paul_in_mada_2014-300x279.jpg\" alt=\"\" width=\"300\" height=\"279\" srcset=\"http:\/\/www.panschk.de\/madagassisch.de\/wp-content\/uploads\/2017\/02\/paul_in_mada_2014-300x279.jpg 300w, http:\/\/www.panschk.de\/madagassisch.de\/wp-content\/uploads\/2017\/02\/paul_in_mada_2014-768x713.jpg 768w, http:\/\/www.panschk.de\/madagassisch.de\/wp-content\/uploads\/2017\/02\/paul_in_mada_2014-1024x951.jpg 1024w, http:\/\/www.panschk.de\/madagassisch.de\/wp-content\/uploads\/2017\/02\/paul_in_mada_2014.jpg 1586w\" sizes=\"(max-width: 300px) 100vw, 300px\" \/><\/h1>\n<p>Seitdem ich in 2009 meine madagassische Frau kennengelernt habe, habe ich wenigstens einen gewissen Kontakt zur madagassischen Sprache gehabt. Aber einfach durch Osmose lernt man eine neue Sprache ja nicht:-) Das eine oder andere Buch habe ich mir seitdem schon angesehen, aber obwohl ich bereits einige Vokabeln gepaukt habe bin ich eindeutig noch nicht so weit, dass ich eine vern\u00fcnftige Konversation auf malagasy f\u00fchren k\u00f6nnte. Deswegen soll dieser Blog auch als Mittel zu dem Zweck dienen, mir selbst die Sprache n\u00e4her zu bringen und meine Fortschritte zu festigen. Diese werden sicher nicht so wahnsinnig schnell kommen, denn ich bin beruflich als IT Berater recht eingespannt und au\u00dferdem ist Ende 2013 unser Sohn Matio geboren, der seitdem den Gro\u00dfteil des restlichen Zeitbudgets f\u00fcr sich in Anspruch nimmt.<\/p>\n<p>In Madagaskar war ich bisher einmal (in 2014), und ich habe auf jeden Fall vor, da bald wieder eine Reise zu machen. Obwohl man mit Franz\u00f6sisch da schon ganz gut \u00fcber die Runden kommt, so wechseln die Madagassen nach\u00a0meiner Erfahrung doch schnell wieder in ihre Muttersprache, wenn sie nicht direkt zu einem <em>vazaha<\/em> (&#8222;Wei\u00dfer&#8220;\/Fremder) sprechen. In solchen Situationen wenigstens grob dem Gespr\u00e4ch folgen zu k\u00f6nnen w\u00e4re das gro\u00dfe Ziel<\/p>\n<h1>Tahina<\/h1>\n<p>Ich stamme aus der ber\u00fchmten (f\u00fcr Madagassen^^) kleinen Stadt Fandriana. Sie befindet sich im Hochland von Madagaskar, in der Provinz Fianarantsoa. Die Menschen von dort werden Betsileo genannt. Ich bin stolz eine Betsileo zu sein!<\/p>\n<p>Da Madagassisch meine Muttersprache ist, w\u00fcrde ich gerne hier meinen Beitrag leisten, um meinen geliebten Mann und sein lobenswertes Projekt zu unterst\u00fctzen!<\/p>\n","protected":false},"excerpt":{"rendered":"<p>Paul Seitdem ich in 2009 meine madagassische Frau kennengelernt habe, habe ich wenigstens einen gewissen Kontakt zur madagassischen Sprache gehabt. Aber einfach durch Osmose lernt man eine neue Sprache ja nicht:-) Das eine oder andere Buch habe ich mir seitdem schon angesehen, aber obwohl ich bereits einige Vokabeln gepaukt habe bin ich eindeutig noch nicht &hellip; <\/p>\n<p class=\"link-more\"><a href=\"http:\/\/www.panschk.de\/madagassisch.de\/wer-sind-wir\/\" class=\"more-link\"><span class=\"screen-reader-text\">&#8222;Wer sind wir?&#8220;<\/span> weiterlesen<\/a><\/p>\n","protected":false},"author":1,"featured_media":0,"parent":0,"menu_order":0,"comment_status":"closed","ping_status":"closed","template":"","meta":[],"_links":{"self":[{"href":"http:\/\/www.panschk.de\/madagassisch.de\/wp-json\/wp\/v2\/pages\/10"}],"collection":[{"href":"http:\/\/www.panschk.de\/madagassisch.de\/wp-json\/wp\/v2\/pages"}],"about":[{"href":"http:\/\/www.panschk.de\/madagassisch.de\/wp-json\/wp\/v2\/types\/page"}],"author":[{"embeddable":true,"href":"http:\/\/www.panschk.de\/madagassisch.de\/wp-json\/wp\/v2\/users\/1"}],"replies":[{"embeddable":true,"href":"http:\/\/www.panschk.de\/madagassisch.de\/wp-json\/wp\/v2\/comments?post=10"}],"version-history":[{"count":6,"href":"http:\/\/www.panschk.de\/madagassisch.de\/wp-json\/wp\/v2\/pages\/10\/revisions"}],"predecessor-version":[{"id":66,"href":"http:\/\/www.panschk.de\/madagassisch.de\/wp-json\/wp\/v2\/pages\/10\/revisions\/66"}],"wp:attachment":[{"href":"http:\/\/www.panschk.de\/madagassisch.de\/wp-json\/wp\/v2\/media?parent=10"}],"curies":[{"name":"wp","href":"https:\/\/api.w.org\/{rel}","templated":true}]}}